{"id":11,"date":"2017-05-24T13:20:17","date_gmt":"2017-05-24T13:20:17","guid":{"rendered":"http:\/\/thermopack.com.ar\/selladoras-de-bolsas-de-polietileno\/?page_id=11"},"modified":"2017-06-01T13:17:19","modified_gmt":"2017-06-01T13:17:19","slug":"servicios","status":"publish","type":"page","link":"https:\/\/thermopack.com.ar\/selladoras-de-bolsas-de-polietileno\/servicios\/","title":{"rendered":"Servicios"},"content":{"rendered":"<p><strong>GARANTIA INMEDIATA <\/strong><\/p>\n<p>En caso de tener alg\u00fan problema Usted recibe asesoramiento telef\u00f3nico y un diagn\u00f3stico preciso, de necesitar repuesto, lo puede recibir en su domicilio o bien acercar la m\u00e1quina, que ser\u00e1 reparada en el momento.<\/p>\n<p>Disponemos stock permanente de repuestos e insumos.<br \/>\nBrindamos un servicio de atenci\u00f3n telef\u00f3nica de consultas y asesoramientote 9 a 18 hs.<\/p>\n<p><strong>Comun\u00edquese sin compromiso alguno al (011) 4242-3289, o bien env\u00edenos un email a: <\/strong><br \/>\n<a href=\"mailto:info@thermopack.com.ar\">info@thermopack.com.ar<\/a><\/p>\n<p>&nbsp;<\/p>\n<p>&nbsp;<\/p>\n<p>&nbsp;<\/p>\n","protected":false},"excerpt":{"rendered":"<p>GARANTIA INMEDIATA En caso de tener alg\u00fan problema Usted recibe asesoramiento telef\u00f3nico y un diagn\u00f3stico preciso, de necesitar repuesto, lo puede recibir en su domicilio o bien acercar la m\u00e1quina, que ser\u00e1 reparada en el momento. Disponemos stock permanente de repuestos e insumos. Brindamos un servicio de atenci\u00f3n telef\u00f3nica de consultas y asesoramientote 9 a [&hellip;]<\/p>\n","protected":false},"author":1,"featured_media":0,"parent":0,"menu_order":0,"comment_status":"closed","ping_status":"closed","template":"","meta":{"_et_pb_use_builder":"","_et_pb_old_content":"","_et_gb_content_width":"","footnotes":""},"class_list":["post-11","page","type-page","status-publish","hentry"],"aioseo_notices":[],"_links":{"self":[{"href":"https:\/\/thermopack.com.ar\/selladoras-de-bolsas-de-polietileno\/wp-json\/wp\/v2\/pages\/11","targetHints":{"allow":["GET"]}}],"collection":[{"href":"https:\/\/thermopack.com.ar\/selladoras-de-bolsas-de-polietileno\/wp-json\/wp\/v2\/pages"}],"about":[{"href":"https:\/\/thermopack.com.ar\/selladoras-de-bolsas-de-polietileno\/wp-json\/wp\/v2\/types\/page"}],"author":[{"embeddable":true,"href":"https:\/\/thermopack.com.ar\/selladoras-de-bolsas-de-polietileno\/wp-json\/wp\/v2\/users\/1"}],"replies":[{"embeddable":true,"href":"https:\/\/thermopack.com.ar\/selladoras-de-bolsas-de-polietileno\/wp-json\/wp\/v2\/comments?post=11"}],"version-history":[{"count":2,"href":"https:\/\/thermopack.com.ar\/selladoras-de-bolsas-de-polietileno\/wp-json\/wp\/v2\/pages\/11\/revisions"}],"predecessor-version":[{"id":334,"href":"https:\/\/thermopack.com.ar\/selladoras-de-bolsas-de-polietileno\/wp-json\/wp\/v2\/pages\/11\/revisions\/334"}],"wp:attachment":[{"href":"https:\/\/thermopack.com.ar\/selladoras-de-bolsas-de-polietileno\/wp-json\/wp\/v2\/media?parent=11"}],"curies":[{"name":"wp","href":"https:\/\/api.w.org\/{rel}","templated":true}]}}