{"id":15,"date":"2017-05-24T13:21:03","date_gmt":"2017-05-24T13:21:03","guid":{"rendered":"http:\/\/thermopack.com.ar\/selladoras-de-bolsas-de-polietileno\/?page_id=15"},"modified":"2021-07-08T12:28:10","modified_gmt":"2021-07-08T12:28:10","slug":"contacto","status":"publish","type":"page","link":"https:\/\/thermopack.com.ar\/selladoras-de-bolsas-de-polietileno\/contacto\/","title":{"rendered":"Contacto"},"content":{"rendered":"<p><strong>Thermopack Argentina<\/strong><\/p>\n<p><strong>Direcci\u00f3n:<\/strong><br \/>\nLas Heras 2537 &#8211; Banfield<br \/>\nLomas de Zamora<br \/>\nProvincia de Buenos Aires<br \/>\nRep\u00fablica Argentina<\/p>\n<p><strong>Horario de Atenci\u00f3n<br \/>\n<\/strong>Lunes a Viernes de 9 a 16 hs<\/p>\n<p><strong>Tel\u00e9fonos:<\/strong><strong><br \/>\n<\/strong><img loading=\"lazy\" decoding=\"async\" class=\"alignnone size-full wp-image-429\" src=\"http:\/\/thermopack.com.ar\/selladoras-de-bolsas-de-polietileno\/wp-content\/uploads\/2019\/02\/was.png\" alt=\"\" width=\"20\" height=\"20\" \/> (011) 15-3893-8474<\/p>\n<p><strong>Email:<\/strong><br \/>\n<a href=\"mailto:info@thermopack.com.ar\">info@thermopack.com.ar<\/a><\/p>\n<p>&nbsp;<\/p>\n<p>&nbsp;<\/p>\n","protected":false},"excerpt":{"rendered":"<p>Thermopack Argentina Direcci\u00f3n: Las Heras 2537 &#8211; Banfield Lomas de Zamora Provincia de Buenos Aires Rep\u00fablica Argentina Horario de Atenci\u00f3n Lunes a Viernes de 9 a 16 hs Tel\u00e9fonos: (011) 15-3893-8474 Email: info@thermopack.com.ar &nbsp; &nbsp;<\/p>\n","protected":false},"author":1,"featured_media":0,"parent":0,"menu_order":0,"comment_status":"closed","ping_status":"closed","template":"","meta":{"_et_pb_use_builder":"","_et_pb_old_content":"","_et_gb_content_width":"","footnotes":""},"class_list":["post-15","page","type-page","status-publish","hentry"],"aioseo_notices":[],"_links":{"self":[{"href":"https:\/\/thermopack.com.ar\/selladoras-de-bolsas-de-polietileno\/wp-json\/wp\/v2\/pages\/15","targetHints":{"allow":["GET"]}}],"collection":[{"href":"https:\/\/thermopack.com.ar\/selladoras-de-bolsas-de-polietileno\/wp-json\/wp\/v2\/pages"}],"about":[{"href":"https:\/\/thermopack.com.ar\/selladoras-de-bolsas-de-polietileno\/wp-json\/wp\/v2\/types\/page"}],"author":[{"embeddable":true,"href":"https:\/\/thermopack.com.ar\/selladoras-de-bolsas-de-polietileno\/wp-json\/wp\/v2\/users\/1"}],"replies":[{"embeddable":true,"href":"https:\/\/thermopack.com.ar\/selladoras-de-bolsas-de-polietileno\/wp-json\/wp\/v2\/comments?post=15"}],"version-history":[{"count":11,"href":"https:\/\/thermopack.com.ar\/selladoras-de-bolsas-de-polietileno\/wp-json\/wp\/v2\/pages\/15\/revisions"}],"predecessor-version":[{"id":443,"href":"https:\/\/thermopack.com.ar\/selladoras-de-bolsas-de-polietileno\/wp-json\/wp\/v2\/pages\/15\/revisions\/443"}],"wp:attachment":[{"href":"https:\/\/thermopack.com.ar\/selladoras-de-bolsas-de-polietileno\/wp-json\/wp\/v2\/media?parent=15"}],"curies":[{"name":"wp","href":"https:\/\/api.w.org\/{rel}","templated":true}]}}