{"id":2,"date":"2017-05-24T12:44:51","date_gmt":"2017-05-24T12:44:51","guid":{"rendered":"http:\/\/thermopack.com.ar\/selladoras-de-bolsas-de-polietileno\/?page_id=2"},"modified":"2017-05-24T13:19:58","modified_gmt":"2017-05-24T13:19:58","slug":"maquinas-selladoras","status":"publish","type":"page","link":"https:\/\/thermopack.com.ar\/selladoras-de-bolsas-de-polietileno\/maquinas-selladoras\/","title":{"rendered":"Nuestra Empresa"},"content":{"rendered":"<p>Desde Somos una Empresa familiar, dedicada a la fabricaci\u00f3n y mantenimiento de m\u00e1quinas para la industria. Ya por el a\u00f1o 1999, comenzamos a fabricar exclusivamente m\u00e1quinas selladoras de polietileno, confeccionadoras y equipos para envasado en termocontraible.<\/p>\n<p>Disponemos de diversos modelos de manera tal que nuestros clientes puedan satisfacer sus necesidades. Nuestras m\u00e1quinas son aptas para la alta producci\u00f3n y uso continuo<\/p>\n<p>El ser una empresa familiar nos permite dar una atenci\u00f3n personalizada y estar en los peque\u00f1os detalles que se necesitan para obtener el mejor resultado<br \/>\nNuestro mayor orgullo, es saber que el 90% de Nuestros Clientes llegan recomendados por los actuales.<\/p>\n<p>&nbsp;<\/p>\n<p>&nbsp;<\/p>\n<p>&nbsp;<\/p>\n","protected":false},"excerpt":{"rendered":"<p>Desde Somos una Empresa familiar, dedicada a la fabricaci\u00f3n y mantenimiento de m\u00e1quinas para la industria. Ya por el a\u00f1o 1999, comenzamos a fabricar exclusivamente m\u00e1quinas selladoras de polietileno, confeccionadoras y equipos para envasado en termocontraible. Disponemos de diversos modelos de manera tal que nuestros clientes puedan satisfacer sus necesidades. Nuestras m\u00e1quinas son aptas para [&hellip;]<\/p>\n","protected":false},"author":1,"featured_media":0,"parent":0,"menu_order":0,"comment_status":"closed","ping_status":"open","template":"","meta":{"_et_pb_use_builder":"","_et_pb_old_content":"","_et_gb_content_width":"","footnotes":""},"class_list":["post-2","page","type-page","status-publish","hentry"],"aioseo_notices":[],"_links":{"self":[{"href":"https:\/\/thermopack.com.ar\/selladoras-de-bolsas-de-polietileno\/wp-json\/wp\/v2\/pages\/2","targetHints":{"allow":["GET"]}}],"collection":[{"href":"https:\/\/thermopack.com.ar\/selladoras-de-bolsas-de-polietileno\/wp-json\/wp\/v2\/pages"}],"about":[{"href":"https:\/\/thermopack.com.ar\/selladoras-de-bolsas-de-polietileno\/wp-json\/wp\/v2\/types\/page"}],"author":[{"embeddable":true,"href":"https:\/\/thermopack.com.ar\/selladoras-de-bolsas-de-polietileno\/wp-json\/wp\/v2\/users\/1"}],"replies":[{"embeddable":true,"href":"https:\/\/thermopack.com.ar\/selladoras-de-bolsas-de-polietileno\/wp-json\/wp\/v2\/comments?post=2"}],"version-history":[{"count":1,"href":"https:\/\/thermopack.com.ar\/selladoras-de-bolsas-de-polietileno\/wp-json\/wp\/v2\/pages\/2\/revisions"}],"predecessor-version":[{"id":10,"href":"https:\/\/thermopack.com.ar\/selladoras-de-bolsas-de-polietileno\/wp-json\/wp\/v2\/pages\/2\/revisions\/10"}],"wp:attachment":[{"href":"https:\/\/thermopack.com.ar\/selladoras-de-bolsas-de-polietileno\/wp-json\/wp\/v2\/media?parent=2"}],"curies":[{"name":"wp","href":"https:\/\/api.w.org\/{rel}","templated":true}]}}