{"id":256,"date":"2017-05-30T16:07:08","date_gmt":"2017-05-30T16:07:08","guid":{"rendered":"http:\/\/thermopack.com.ar\/selladoras-de-bolsas-de-polietileno\/?page_id=256"},"modified":"2017-05-30T19:11:58","modified_gmt":"2017-05-30T19:11:58","slug":"cortadora-de-cintas-y-correas","status":"publish","type":"page","link":"https:\/\/thermopack.com.ar\/selladoras-de-bolsas-de-polietileno\/otros-equipos\/cortadora-de-cintas-y-correas\/","title":{"rendered":"Cortadora de cintas y correas"},"content":{"rendered":"<p><img loading=\"lazy\" decoding=\"async\" class=\"alignnone size-full wp-image-297\" src=\"http:\/\/thermopack.com.ar\/selladoras-de-bolsas-de-polietileno\/wp-content\/uploads\/2017\/05\/cortadora-cintas-correa.jpg\" alt=\"\" width=\"280\" height=\"231\" \/><\/p>\n<p># Tensi\u00f3n de alimentaci\u00f3n 220 volt.<br \/>\n# Baja tensi\u00f3n de trabajo.<br \/>\n# Longitud max. de corte 300 mm.<br \/>\n# Control de Temperatura.<br \/>\n# Tiempo de corte: 2 seg.<br \/>\n# Estructura met\u00e1lica reforzada 50 x 30 x 2 mm.<br \/>\n# Tratamiento anticorrosivo.<br \/>\n# Pintura al horno.<br \/>\n# Apta uso intensivo.<\/p>\n<p>&nbsp;<\/p>\n<p><strong>Si tiene alguna duda o consulta respecto de este producto haga <a href=\"http:\/\/thermopack.com.ar\/selladoras-de-bolsas-de-polietileno\/contacto\/\">&gt;&gt; CLICK AQUI<\/a><\/strong><\/p>\n<p><a href=\"http:\/\/thermopack.com.ar\/selladoras-de-bolsas-de-polietileno\/otros-equipos\/\">&lt;&lt; Volver<\/a><\/p>\n","protected":false},"excerpt":{"rendered":"<p># Tensi\u00f3n de alimentaci\u00f3n 220 volt. # Baja tensi\u00f3n de trabajo. # Longitud max. de corte 300 mm. # Control de Temperatura. # Tiempo de corte: 2 seg. # Estructura met\u00e1lica reforzada 50 x 30 x 2 mm. # Tratamiento anticorrosivo. # Pintura al horno. # Apta uso intensivo. &nbsp; Si tiene alguna duda o [&hellip;]<\/p>\n","protected":false},"author":1,"featured_media":0,"parent":39,"menu_order":0,"comment_status":"closed","ping_status":"closed","template":"","meta":{"_et_pb_use_builder":"","_et_pb_old_content":"","_et_gb_content_width":"","footnotes":""},"class_list":["post-256","page","type-page","status-publish","hentry"],"aioseo_notices":[],"_links":{"self":[{"href":"https:\/\/thermopack.com.ar\/selladoras-de-bolsas-de-polietileno\/wp-json\/wp\/v2\/pages\/256","targetHints":{"allow":["GET"]}}],"collection":[{"href":"https:\/\/thermopack.com.ar\/selladoras-de-bolsas-de-polietileno\/wp-json\/wp\/v2\/pages"}],"about":[{"href":"https:\/\/thermopack.com.ar\/selladoras-de-bolsas-de-polietileno\/wp-json\/wp\/v2\/types\/page"}],"author":[{"embeddable":true,"href":"https:\/\/thermopack.com.ar\/selladoras-de-bolsas-de-polietileno\/wp-json\/wp\/v2\/users\/1"}],"replies":[{"embeddable":true,"href":"https:\/\/thermopack.com.ar\/selladoras-de-bolsas-de-polietileno\/wp-json\/wp\/v2\/comments?post=256"}],"version-history":[{"count":4,"href":"https:\/\/thermopack.com.ar\/selladoras-de-bolsas-de-polietileno\/wp-json\/wp\/v2\/pages\/256\/revisions"}],"predecessor-version":[{"id":299,"href":"https:\/\/thermopack.com.ar\/selladoras-de-bolsas-de-polietileno\/wp-json\/wp\/v2\/pages\/256\/revisions\/299"}],"up":[{"embeddable":true,"href":"https:\/\/thermopack.com.ar\/selladoras-de-bolsas-de-polietileno\/wp-json\/wp\/v2\/pages\/39"}],"wp:attachment":[{"href":"https:\/\/thermopack.com.ar\/selladoras-de-bolsas-de-polietileno\/wp-json\/wp\/v2\/media?parent=256"}],"curies":[{"name":"wp","href":"https:\/\/api.w.org\/{rel}","templated":true}]}}