{"id":259,"date":"2017-05-30T16:07:52","date_gmt":"2017-05-30T16:07:52","guid":{"rendered":"http:\/\/thermopack.com.ar\/selladoras-de-bolsas-de-polietileno\/?page_id=259"},"modified":"2017-05-30T19:13:07","modified_gmt":"2017-05-30T19:13:07","slug":"fechador-codificador","status":"publish","type":"page","link":"https:\/\/thermopack.com.ar\/selladoras-de-bolsas-de-polietileno\/otros-equipos\/fechador-codificador\/","title":{"rendered":"Fechador Codificador"},"content":{"rendered":"<p><img loading=\"lazy\" decoding=\"async\" class=\"alignnone size-full wp-image-300\" src=\"http:\/\/thermopack.com.ar\/selladoras-de-bolsas-de-polietileno\/wp-content\/uploads\/2017\/05\/fechador-codoficador.jpg\" alt=\"\" width=\"280\" height=\"231\" \/><\/p>\n<p># Tensi\u00f3n de alimentaci\u00f3n 220 volt.<br \/>\n# Control de temperatura.<br \/>\n# Accionamiento manual.<br \/>\n# Sellado por transferencia t\u00e9rmica.<br \/>\n# Impresi\u00f3n bien definida.<\/p>\n<p><strong>Si tiene alguna duda o consulta respecto de este producto haga <a href=\"http:\/\/thermopack.com.ar\/selladoras-de-bolsas-de-polietileno\/contacto\/\">&gt;&gt; CLICK AQUI<\/a><\/strong><\/p>\n<p><a href=\"http:\/\/thermopack.com.ar\/selladoras-de-bolsas-de-polietileno\/otros-equipos\/\">&lt;&lt; Volver<\/a><\/p>\n<p>&nbsp;<\/p>\n","protected":false},"excerpt":{"rendered":"<p># Tensi\u00f3n de alimentaci\u00f3n 220 volt. # Control de temperatura. # Accionamiento manual. # Sellado por transferencia t\u00e9rmica. # Impresi\u00f3n bien definida. Si tiene alguna duda o consulta respecto de este producto haga &gt;&gt; CLICK AQUI &lt;&lt; Volver &nbsp;<\/p>\n","protected":false},"author":1,"featured_media":0,"parent":39,"menu_order":0,"comment_status":"closed","ping_status":"closed","template":"","meta":{"_et_pb_use_builder":"","_et_pb_old_content":"","_et_gb_content_width":"","footnotes":""},"class_list":["post-259","page","type-page","status-publish","hentry"],"aioseo_notices":[],"_links":{"self":[{"href":"https:\/\/thermopack.com.ar\/selladoras-de-bolsas-de-polietileno\/wp-json\/wp\/v2\/pages\/259","targetHints":{"allow":["GET"]}}],"collection":[{"href":"https:\/\/thermopack.com.ar\/selladoras-de-bolsas-de-polietileno\/wp-json\/wp\/v2\/pages"}],"about":[{"href":"https:\/\/thermopack.com.ar\/selladoras-de-bolsas-de-polietileno\/wp-json\/wp\/v2\/types\/page"}],"author":[{"embeddable":true,"href":"https:\/\/thermopack.com.ar\/selladoras-de-bolsas-de-polietileno\/wp-json\/wp\/v2\/users\/1"}],"replies":[{"embeddable":true,"href":"https:\/\/thermopack.com.ar\/selladoras-de-bolsas-de-polietileno\/wp-json\/wp\/v2\/comments?post=259"}],"version-history":[{"count":2,"href":"https:\/\/thermopack.com.ar\/selladoras-de-bolsas-de-polietileno\/wp-json\/wp\/v2\/pages\/259\/revisions"}],"predecessor-version":[{"id":301,"href":"https:\/\/thermopack.com.ar\/selladoras-de-bolsas-de-polietileno\/wp-json\/wp\/v2\/pages\/259\/revisions\/301"}],"up":[{"embeddable":true,"href":"https:\/\/thermopack.com.ar\/selladoras-de-bolsas-de-polietileno\/wp-json\/wp\/v2\/pages\/39"}],"wp:attachment":[{"href":"https:\/\/thermopack.com.ar\/selladoras-de-bolsas-de-polietileno\/wp-json\/wp\/v2\/media?parent=259"}],"curies":[{"name":"wp","href":"https:\/\/api.w.org\/{rel}","templated":true}]}}