{"id":270,"date":"2017-05-30T16:14:36","date_gmt":"2017-05-30T16:14:36","guid":{"rendered":"http:\/\/thermopack.com.ar\/selladoras-de-bolsas-de-polietileno\/?page_id=270"},"modified":"2017-05-30T19:17:25","modified_gmt":"2017-05-30T19:17:25","slug":"troqueladora-5-tn","status":"publish","type":"page","link":"https:\/\/thermopack.com.ar\/selladoras-de-bolsas-de-polietileno\/otros-equipos\/troqueladora-5-tn\/","title":{"rendered":"Troqueladora 5 TN"},"content":{"rendered":"<p><img loading=\"lazy\" decoding=\"async\" class=\"alignnone size-full wp-image-310\" src=\"http:\/\/thermopack.com.ar\/selladoras-de-bolsas-de-polietileno\/wp-content\/uploads\/2017\/05\/troqueladora-5tn.jpg\" alt=\"\" width=\"280\" height=\"231\" \/><\/p>\n<p># Bases de \u00bd pulgada de espesor.<br \/>\n# Sistema de bajada con bujes.<br \/>\n# Apoyo m\u00f3vil circular de Gril\u00f3n.<br \/>\n# Sistema de seguridad con doble botonera.<br \/>\n# Electrov\u00e1lvula 220 vca.<br \/>\n# R. F. L. con man\u00f3metro.<br \/>\n# Carrera de cilindro 50 mm.<\/p>\n<p>&nbsp;<\/p>\n<p><strong>Si tiene alguna duda o consulta respecto de este producto haga <a href=\"http:\/\/thermopack.com.ar\/selladoras-de-bolsas-de-polietileno\/contacto\/\">&gt;&gt; CLICK AQUI<\/a><\/strong><\/p>\n<p><a href=\"http:\/\/thermopack.com.ar\/selladoras-de-bolsas-de-polietileno\/otros-equipos\/\">&lt;&lt; Volver<\/a><\/p>\n<p>&nbsp;<\/p>\n","protected":false},"excerpt":{"rendered":"<p># Bases de \u00bd pulgada de espesor. # Sistema de bajada con bujes. # Apoyo m\u00f3vil circular de Gril\u00f3n. # Sistema de seguridad con doble botonera. # Electrov\u00e1lvula 220 vca. # R. F. L. con man\u00f3metro. # Carrera de cilindro 50 mm. &nbsp; Si tiene alguna duda o consulta respecto de este producto haga &gt;&gt; [&hellip;]<\/p>\n","protected":false},"author":1,"featured_media":0,"parent":39,"menu_order":0,"comment_status":"closed","ping_status":"closed","template":"","meta":{"_et_pb_use_builder":"","_et_pb_old_content":"","_et_gb_content_width":"","footnotes":""},"class_list":["post-270","page","type-page","status-publish","hentry"],"aioseo_notices":[],"_links":{"self":[{"href":"https:\/\/thermopack.com.ar\/selladoras-de-bolsas-de-polietileno\/wp-json\/wp\/v2\/pages\/270","targetHints":{"allow":["GET"]}}],"collection":[{"href":"https:\/\/thermopack.com.ar\/selladoras-de-bolsas-de-polietileno\/wp-json\/wp\/v2\/pages"}],"about":[{"href":"https:\/\/thermopack.com.ar\/selladoras-de-bolsas-de-polietileno\/wp-json\/wp\/v2\/types\/page"}],"author":[{"embeddable":true,"href":"https:\/\/thermopack.com.ar\/selladoras-de-bolsas-de-polietileno\/wp-json\/wp\/v2\/users\/1"}],"replies":[{"embeddable":true,"href":"https:\/\/thermopack.com.ar\/selladoras-de-bolsas-de-polietileno\/wp-json\/wp\/v2\/comments?post=270"}],"version-history":[{"count":2,"href":"https:\/\/thermopack.com.ar\/selladoras-de-bolsas-de-polietileno\/wp-json\/wp\/v2\/pages\/270\/revisions"}],"predecessor-version":[{"id":311,"href":"https:\/\/thermopack.com.ar\/selladoras-de-bolsas-de-polietileno\/wp-json\/wp\/v2\/pages\/270\/revisions\/311"}],"up":[{"embeddable":true,"href":"https:\/\/thermopack.com.ar\/selladoras-de-bolsas-de-polietileno\/wp-json\/wp\/v2\/pages\/39"}],"wp:attachment":[{"href":"https:\/\/thermopack.com.ar\/selladoras-de-bolsas-de-polietileno\/wp-json\/wp\/v2\/media?parent=270"}],"curies":[{"name":"wp","href":"https:\/\/api.w.org\/{rel}","templated":true}]}}