{"id":774,"date":"2022-09-15T20:22:59","date_gmt":"2022-09-15T20:22:59","guid":{"rendered":"https:\/\/thermopack.com.ar\/selladoras-de-bolsas-de-polietileno\/?page_id=774"},"modified":"2022-09-15T20:22:59","modified_gmt":"2022-09-15T20:22:59","slug":"modelo-thermo-pack-sfb-1400","status":"publish","type":"page","link":"https:\/\/thermopack.com.ar\/selladoras-de-bolsas-de-polietileno\/maquinas-selladoras-2\/modelo-thermo-pack-sfb-1400\/","title":{"rendered":"Modelo THERMO PACK SFB \u2013 1400"},"content":{"rendered":"<p><img loading=\"lazy\" decoding=\"async\" class=\"alignnone wp-image-775 size-full\" src=\"https:\/\/thermopack.com.ar\/selladoras-de-bolsas-de-polietileno\/wp-content\/uploads\/2022\/09\/sbf1400.jpg\" alt=\"\" width=\"425\" height=\"185\" srcset=\"https:\/\/thermopack.com.ar\/selladoras-de-bolsas-de-polietileno\/wp-content\/uploads\/2022\/09\/sbf1400.jpg 425w, https:\/\/thermopack.com.ar\/selladoras-de-bolsas-de-polietileno\/wp-content\/uploads\/2022\/09\/sbf1400-300x131.jpg 300w\" sizes=\"(max-width: 425px) 100vw, 425px\" \/><\/p>\n<p># Tensi\u00f3n de alimentaci\u00f3n 220 Volt.<br \/>\n# Baja tensi\u00f3n de trabajo.<br \/>\n# Longitud max. De sellado 1400 mm.<br \/>\n# Sellado por Impulso.<br \/>\n# Temporizador con indicador de estado.<br \/>\n# Microswitch.<br \/>\n# Apto de 6 sellados\/min.<br \/>\n# Pedal con doble rienda de tiro.<br \/>\n# Tratamiento anticorrosivo.<br \/>\n# Sella PE, PP, PVC, Friselina.<br \/>\n# Medidas: 1550 x 300 x 900 mm.<\/p>\n<p><strong>Si tiene alguna duda o consulta respecto de este producto haga <a href=\"http:\/\/thermopack.com.ar\/selladoras-de-bolsas-de-polietileno\/contacto\/\">&gt;&gt; CLICK AQUI<\/a> <\/strong><\/p>\n<p><a href=\"http:\/\/thermopack.com.ar\/selladoras-de-bolsas-de-polietileno\/maquinas-selladoras-2\/\">&lt;&lt; Volver<\/a><\/p>\n<p>&nbsp;<\/p>\n<p>&nbsp;<\/p>\n<p>&nbsp;<\/p>\n","protected":false},"excerpt":{"rendered":"<p># Tensi\u00f3n de alimentaci\u00f3n 220 Volt. # Baja tensi\u00f3n de trabajo. # Longitud max. De sellado 1400 mm. # Sellado por Impulso. # Temporizador con indicador de estado. # Microswitch. # Apto de 6 sellados\/min. # Pedal con doble rienda de tiro. # Tratamiento anticorrosivo. # Sella PE, PP, PVC, Friselina. # Medidas: 1550 x [&hellip;]<\/p>\n","protected":false},"author":1,"featured_media":0,"parent":26,"menu_order":0,"comment_status":"closed","ping_status":"closed","template":"","meta":{"_et_pb_use_builder":"","_et_pb_old_content":"","_et_gb_content_width":"","footnotes":""},"class_list":["post-774","page","type-page","status-publish","hentry"],"aioseo_notices":[],"_links":{"self":[{"href":"https:\/\/thermopack.com.ar\/selladoras-de-bolsas-de-polietileno\/wp-json\/wp\/v2\/pages\/774","targetHints":{"allow":["GET"]}}],"collection":[{"href":"https:\/\/thermopack.com.ar\/selladoras-de-bolsas-de-polietileno\/wp-json\/wp\/v2\/pages"}],"about":[{"href":"https:\/\/thermopack.com.ar\/selladoras-de-bolsas-de-polietileno\/wp-json\/wp\/v2\/types\/page"}],"author":[{"embeddable":true,"href":"https:\/\/thermopack.com.ar\/selladoras-de-bolsas-de-polietileno\/wp-json\/wp\/v2\/users\/1"}],"replies":[{"embeddable":true,"href":"https:\/\/thermopack.com.ar\/selladoras-de-bolsas-de-polietileno\/wp-json\/wp\/v2\/comments?post=774"}],"version-history":[{"count":1,"href":"https:\/\/thermopack.com.ar\/selladoras-de-bolsas-de-polietileno\/wp-json\/wp\/v2\/pages\/774\/revisions"}],"predecessor-version":[{"id":776,"href":"https:\/\/thermopack.com.ar\/selladoras-de-bolsas-de-polietileno\/wp-json\/wp\/v2\/pages\/774\/revisions\/776"}],"up":[{"embeddable":true,"href":"https:\/\/thermopack.com.ar\/selladoras-de-bolsas-de-polietileno\/wp-json\/wp\/v2\/pages\/26"}],"wp:attachment":[{"href":"https:\/\/thermopack.com.ar\/selladoras-de-bolsas-de-polietileno\/wp-json\/wp\/v2\/media?parent=774"}],"curies":[{"name":"wp","href":"https:\/\/api.w.org\/{rel}","templated":true}]}}