{"id":824,"date":"2022-09-20T16:10:40","date_gmt":"2022-09-20T16:10:40","guid":{"rendered":"https:\/\/thermopack.com.ar\/selladoras-de-bolsas-de-polietileno\/?page_id=824"},"modified":"2022-09-20T16:10:40","modified_gmt":"2022-09-20T16:10:40","slug":"modelo-thermo-pack-dz-260b","status":"publish","type":"page","link":"https:\/\/thermopack.com.ar\/selladoras-de-bolsas-de-polietileno\/maquinas-de-vacio\/modelo-thermo-pack-dz-260b\/","title":{"rendered":"Modelo THERMO PACK  DZ-260B"},"content":{"rendered":"<p><img loading=\"lazy\" decoding=\"async\" class=\"alignnone wp-image-825 size-full\" src=\"https:\/\/thermopack.com.ar\/selladoras-de-bolsas-de-polietileno\/wp-content\/uploads\/2022\/09\/dz-260b-1.jpg\" alt=\"\" width=\"513\" height=\"168\" srcset=\"https:\/\/thermopack.com.ar\/selladoras-de-bolsas-de-polietileno\/wp-content\/uploads\/2022\/09\/dz-260b-1.jpg 513w, https:\/\/thermopack.com.ar\/selladoras-de-bolsas-de-polietileno\/wp-content\/uploads\/2022\/09\/dz-260b-1-480x157.jpg 480w\" sizes=\"(min-width: 0px) and (max-width: 480px) 480px, (min-width: 481px) 513px, 100vw\" \/><\/p>\n<p># Voltaje: 220V<br \/>\n# Control el\u00e9ctrico, microordenador programable.<br \/>\n# Potencia de bomba: 900 W.<br \/>\n# Longitud de sellado 260 mm.<br \/>\n# Ancho de sellado: 8 mm.<br \/>\n# Tama\u00f1o de la c\u00e1mara de vac\u00edo: 380*280*90 mm.<br \/>\n# Producci\u00f3n: 1 &#8211; 3 piezas\/min.<br \/>\n# Dimensiones: 480*360*330 cm.<br \/>\n# Peso: 35 Kg.<\/p>\n<p><strong>Si tiene alguna duda o consulta respecto de este producto haga <a href=\"http:\/\/thermopack.com.ar\/selladoras-de-bolsas-de-polietileno\/contacto\/\">&gt;&gt; CLICK AQUI<\/a><\/strong><\/p>\n<p><a href=\"https:\/\/thermopack.com.ar\/selladoras-de-bolsas-de-polietileno\/maquinas-de-vacio\/\">&lt;&lt; Volver<\/a><\/p>\n<p>&nbsp;<\/p>\n","protected":false},"excerpt":{"rendered":"<p># Voltaje: 220V # Control el\u00e9ctrico, microordenador programable. # Potencia de bomba: 900 W. # Longitud de sellado 260 mm. # Ancho de sellado: 8 mm. # Tama\u00f1o de la c\u00e1mara de vac\u00edo: 380*280*90 mm. # Producci\u00f3n: 1 &#8211; 3 piezas\/min. # Dimensiones: 480*360*330 cm. # Peso: 35 Kg. Si tiene alguna duda o consulta [&hellip;]<\/p>\n","protected":false},"author":1,"featured_media":0,"parent":814,"menu_order":0,"comment_status":"closed","ping_status":"closed","template":"","meta":{"_et_pb_use_builder":"","_et_pb_old_content":"","_et_gb_content_width":"","footnotes":""},"class_list":["post-824","page","type-page","status-publish","hentry"],"aioseo_notices":[],"_links":{"self":[{"href":"https:\/\/thermopack.com.ar\/selladoras-de-bolsas-de-polietileno\/wp-json\/wp\/v2\/pages\/824","targetHints":{"allow":["GET"]}}],"collection":[{"href":"https:\/\/thermopack.com.ar\/selladoras-de-bolsas-de-polietileno\/wp-json\/wp\/v2\/pages"}],"about":[{"href":"https:\/\/thermopack.com.ar\/selladoras-de-bolsas-de-polietileno\/wp-json\/wp\/v2\/types\/page"}],"author":[{"embeddable":true,"href":"https:\/\/thermopack.com.ar\/selladoras-de-bolsas-de-polietileno\/wp-json\/wp\/v2\/users\/1"}],"replies":[{"embeddable":true,"href":"https:\/\/thermopack.com.ar\/selladoras-de-bolsas-de-polietileno\/wp-json\/wp\/v2\/comments?post=824"}],"version-history":[{"count":1,"href":"https:\/\/thermopack.com.ar\/selladoras-de-bolsas-de-polietileno\/wp-json\/wp\/v2\/pages\/824\/revisions"}],"predecessor-version":[{"id":826,"href":"https:\/\/thermopack.com.ar\/selladoras-de-bolsas-de-polietileno\/wp-json\/wp\/v2\/pages\/824\/revisions\/826"}],"up":[{"embeddable":true,"href":"https:\/\/thermopack.com.ar\/selladoras-de-bolsas-de-polietileno\/wp-json\/wp\/v2\/pages\/814"}],"wp:attachment":[{"href":"https:\/\/thermopack.com.ar\/selladoras-de-bolsas-de-polietileno\/wp-json\/wp\/v2\/media?parent=824"}],"curies":[{"name":"wp","href":"https:\/\/api.w.org\/{rel}","templated":true}]}}