{"id":846,"date":"2022-09-22T19:22:29","date_gmt":"2022-09-22T19:22:29","guid":{"rendered":"https:\/\/thermopack.com.ar\/selladoras-de-bolsas-de-polietileno\/?page_id=846"},"modified":"2022-09-22T19:27:29","modified_gmt":"2022-09-22T19:27:29","slug":"modelo-thermo-pack-dy-8","status":"publish","type":"page","link":"https:\/\/thermopack.com.ar\/selladoras-de-bolsas-de-polietileno\/fechadores\/modelo-thermo-pack-dy-8\/","title":{"rendered":"Modelo THERMO PACK  DY &#8211; 8"},"content":{"rendered":"<p><img loading=\"lazy\" decoding=\"async\" class=\"alignnone wp-image-847 size-full\" src=\"https:\/\/thermopack.com.ar\/selladoras-de-bolsas-de-polietileno\/wp-content\/uploads\/2022\/09\/dy8.jpg\" alt=\"\" width=\"579\" height=\"177\" srcset=\"https:\/\/thermopack.com.ar\/selladoras-de-bolsas-de-polietileno\/wp-content\/uploads\/2022\/09\/dy8.jpg 579w, https:\/\/thermopack.com.ar\/selladoras-de-bolsas-de-polietileno\/wp-content\/uploads\/2022\/09\/dy8-480x147.jpg 480w\" sizes=\"(min-width: 0px) and (max-width: 480px) 480px, (min-width: 481px) 579px, 100vw\" \/><\/p>\n<p># Voltaje: 220V<br \/>\n# Potencia: 60 W,<br \/>\n# Impresi\u00f3n por transferencia t\u00e9rmica.<br \/>\n# Tres l\u00edneas de impresi\u00f3n.<br \/>\n# Control de temperatura.<br \/>\n# Dimensiones: 200*285*270 mm.<br \/>\n# Peso: 2.6 Kg.<br \/>\n# Apto uso intensivo.<\/p>\n<p><strong>Si tiene alguna duda o consulta respecto de este producto haga <a href=\"http:\/\/thermopack.com.ar\/selladoras-de-bolsas-de-polietileno\/contacto\/\">&gt;&gt; CLICK AQUI<\/a><\/strong><\/p>\n<p><a href=\"https:\/\/thermopack.com.ar\/selladoras-de-bolsas-de-polietileno\/fechadores\/\">&lt;&lt; Volver<\/a><\/p>\n<p>&nbsp;<\/p>\n","protected":false},"excerpt":{"rendered":"<p># Voltaje: 220V # Potencia: 60 W, # Impresi\u00f3n por transferencia t\u00e9rmica. # Tres l\u00edneas de impresi\u00f3n. # Control de temperatura. # Dimensiones: 200*285*270 mm. # Peso: 2.6 Kg. # Apto uso intensivo. Si tiene alguna duda o consulta respecto de este producto haga &gt;&gt; CLICK AQUI &lt;&lt; Volver &nbsp;<\/p>\n","protected":false},"author":1,"featured_media":0,"parent":842,"menu_order":0,"comment_status":"closed","ping_status":"closed","template":"","meta":{"_et_pb_use_builder":"","_et_pb_old_content":"","_et_gb_content_width":"","footnotes":""},"class_list":["post-846","page","type-page","status-publish","hentry"],"aioseo_notices":[],"_links":{"self":[{"href":"https:\/\/thermopack.com.ar\/selladoras-de-bolsas-de-polietileno\/wp-json\/wp\/v2\/pages\/846","targetHints":{"allow":["GET"]}}],"collection":[{"href":"https:\/\/thermopack.com.ar\/selladoras-de-bolsas-de-polietileno\/wp-json\/wp\/v2\/pages"}],"about":[{"href":"https:\/\/thermopack.com.ar\/selladoras-de-bolsas-de-polietileno\/wp-json\/wp\/v2\/types\/page"}],"author":[{"embeddable":true,"href":"https:\/\/thermopack.com.ar\/selladoras-de-bolsas-de-polietileno\/wp-json\/wp\/v2\/users\/1"}],"replies":[{"embeddable":true,"href":"https:\/\/thermopack.com.ar\/selladoras-de-bolsas-de-polietileno\/wp-json\/wp\/v2\/comments?post=846"}],"version-history":[{"count":2,"href":"https:\/\/thermopack.com.ar\/selladoras-de-bolsas-de-polietileno\/wp-json\/wp\/v2\/pages\/846\/revisions"}],"predecessor-version":[{"id":856,"href":"https:\/\/thermopack.com.ar\/selladoras-de-bolsas-de-polietileno\/wp-json\/wp\/v2\/pages\/846\/revisions\/856"}],"up":[{"embeddable":true,"href":"https:\/\/thermopack.com.ar\/selladoras-de-bolsas-de-polietileno\/wp-json\/wp\/v2\/pages\/842"}],"wp:attachment":[{"href":"https:\/\/thermopack.com.ar\/selladoras-de-bolsas-de-polietileno\/wp-json\/wp\/v2\/media?parent=846"}],"curies":[{"name":"wp","href":"https:\/\/api.w.org\/{rel}","templated":true}]}}